{"id":58011,"date":"2022-04-05T10:12:37","date_gmt":"2022-04-05T10:12:37","guid":{"rendered":"https:\/\/www.scimexicosa.mx\/reclamaciones\/"},"modified":"2023-02-20T13:55:35","modified_gmt":"2023-02-20T13:55:35","slug":"reclamaciones","status":"publish","type":"page","link":"https:\/\/scimexicosa.mx\/fr\/reclamaciones\/","title":{"rendered":"Reclamaciones"},"content":{"rendered":"<div class=\"wpb-content-wrapper\"><p>[vc_row css_animation=\u00a0\u00bb\u00a0\u00bb row_type=\u00a0\u00bbrow\u00a0\u00bb use_row_as_full_screen_section=\u00a0\u00bbno\u00a0\u00bb type=\u00a0\u00bbfull_width\u00a0\u00bb angled_section=\u00a0\u00bbno\u00a0\u00bb text_align=\u00a0\u00bbleft\u00a0\u00bb background_image_as_pattern=\u00a0\u00bbwithout_pattern\u00a0\u00bb][vc_column width=\u00a0\u00bb1\/4&Prime;][vc_raw_html]JTNDaDUlM0VDb250YWN0YSUyMGNvbiUyMG5vc290cm9zJTNDJTJGaDUlM0U=[\/vc_raw_html][vc_separator type=\u00a0\u00bbnormal\u00a0\u00bb color=\u00a0\u00bb#bcbcbc\u00a0\u00bb thickness=\u00a0\u00bb1&Prime; transparency=\u00a0\u00bb0.4&Prime;][vc_raw_html]JTNDZGl2JTIwY2xhc3MlM0QlMjJkYXRvcy1jb250YWN0byUyMiUzRSUwQSUzQ2RpdiUyMGNsYXNzJTNEJTIyaW1hZ2VuJTIyJTNFJTNDaW1nJTIwc3JjJTNEJTIyaHR0cCUzQSUyRiUyRnNjaXNhLnByb3ZpZGVyc3dlYi5lcyUyRndwLWNvbnRlbnQlMkZ1cGxvYWRzJTJGMjAyMSUyRjEyJTJGcGhvbmUtY2FsbC02LnBuZyUyMiUyRiUzRSUzQyUyRmRpdiUzRSUwQSUzQ2RpdiUyMGNsYXNzJTNEJTIydGVsZWZvbm8lMjIlM0UlM0NzcGFuJTIwY2xhc3MlM0QlMjJ0aXR1JTIyJTNFVGVsJUMzJUE5Zm9ubyUzQyUyRnNwYW4lM0UlM0NzcGFuJTIwY2xhc3MlM0QlMjJ0ZWwlMjIlM0UlM0NhJTIwaHJlZiUzRCUyMnRlbCUzQSUyQjM0OTE4ODQ0MzkzJTIyJTNFJTIwJTJCMzQlMjA5MSUyMDg4NCUyMDQzJTIwOTMlM0MlMkZhJTNFJTNDJTJGc3BhbiUzRSUzQyUyRmRpdiUzRSUwQSUzQyUyRmRpdiUzRQ==[\/vc_raw_html][vc_raw_html]JTNDZGl2JTIwY2xhc3MlM0QlMjJkYXRvcy1jb250YWN0byUyMiUzRSUwQSUzQ2RpdiUyMGNsYXNzJTNEJTIyaW1hZ2VuJTIyJTNFJTNDaW1nJTIwc3JjJTNEJTIyaHR0cCUzQSUyRiUyRnNjaXNhLnByb3ZpZGVyc3dlYi5lcyUyRndwLWNvbnRlbnQlMkZ1cGxvYWRzJTJGMjAyMSUyRjEyJTJGZW1haWwtNy5wbmclMjIlMkYlM0UlM0MlMkZkaXYlM0UlMEElM0NkaXYlMjBjbGFzcyUzRCUyMnRlbGVmb25vJTIyJTNFJTNDc3BhbiUyMGNsYXNzJTNEJTIydGl0dSUyMiUzRUUtbWFpbCUzQyUyRnNwYW4lM0UlM0NzcGFuJTIwY2xhc3MlM0QlMjJ0ZWwlMjBlbWElMjIlM0UlM0NhJTIwaHJlZiUzRCUyMm1haWx0byUzQWJ1em9uZGVzdWdlcmVuY2lhcyU0MHNjaXNhLmVzJTIyJTNFJTIwYnV6b25kZXN1Z2VyZW5jaWFzJTQwc2Npc2EuZXMlM0MlMkZhJTNFJTNDJTJGc3BhbiUzRSUzQyUyRmRpdiUzRSUwQSUzQyUyRmRpdiUzRQ==[\/vc_raw_html][vc_empty_space]\n<div class=\"wpcf7 no-js\" id=\"wpcf7-f58202-o1\" lang=\"fr-FR\" dir=\"ltr\" data-wpcf7-id=\"58202\">\n<div class=\"screen-reader-response\"><p role=\"status\" aria-live=\"polite\" aria-atomic=\"true\"><\/p> <ul><\/ul><\/div>\n<form action=\"\/fr\/wp-json\/wp\/v2\/pages\/58011#wpcf7-f58202-o1\" method=\"post\" class=\"wpcf7-form init default\" aria-label=\"Formulaire de contact\" novalidate=\"novalidate\" data-status=\"init\">\n<fieldset class=\"hidden-fields-container\"><input type=\"hidden\" name=\"_wpcf7\" value=\"58202\" \/><input type=\"hidden\" name=\"_wpcf7_version\" value=\"6.1.5\" \/><input type=\"hidden\" name=\"_wpcf7_locale\" value=\"fr_FR\" \/><input type=\"hidden\" name=\"_wpcf7_unit_tag\" value=\"wpcf7-f58202-o1\" \/><input type=\"hidden\" name=\"_wpcf7_container_post\" value=\"0\" \/><input type=\"hidden\" name=\"_wpcf7_posted_data_hash\" value=\"\" \/><input type=\"hidden\" name=\"_wpcf7_recaptcha_response\" value=\"\" \/>\n<\/fieldset>\n<div class=\"formulario-news\">\n\t<h3>Rester inform\u00e9\n\t<\/h3>\n\t<p>Abonnez-vous \u00e0 notre newsletter pour recevoir les derni\u00e8res actualit\u00e9s du secteur.\n\t<\/p>\n\t<p><span class=\"wpcf7-form-control-wrap\" data-name=\"your-name\"><input size=\"40\" maxlength=\"400\" class=\"wpcf7-form-control wpcf7-text wpcf7-validates-as-required\" aria-required=\"true\" aria-invalid=\"false\" placeholder=\"Nom\" value=\"\" type=\"text\" name=\"your-name\" \/><\/span><span class=\"wpcf7-form-control-wrap\" data-name=\"your-email\"><input size=\"40\" maxlength=\"400\" class=\"wpcf7-form-control wpcf7-email wpcf7-validates-as-required wpcf7-text wpcf7-validates-as-email\" aria-required=\"true\" aria-invalid=\"false\" placeholder=\"E-mail\" value=\"\" type=\"email\" name=\"your-email\" \/><\/span><br \/>\n<span class=\"wpcf7-form-control-wrap\" data-name=\"acceptance-96\"><span class=\"wpcf7-form-control wpcf7-acceptance\"><span class=\"wpcf7-list-item\"><label><input type=\"checkbox\" name=\"acceptance-96\" value=\"1\" aria-invalid=\"false\" \/><span class=\"wpcf7-list-item-label\">j'ai lu et accept\u00e9 les <a href=\"\/aviso-legal\/\">Avis juridique<\/a> de ce site<\/span><\/label><\/span><\/span><\/span><br \/>\n<input class=\"wpcf7-form-control wpcf7-submit has-spinner\" type=\"submit\" value=\"S&#039;inscrire\" \/>\n\t<\/p>\n<\/div><p style=\"display: none !important;\" class=\"akismet-fields-container\" data-prefix=\"_wpcf7_ak_\"><label>&#916;<textarea name=\"_wpcf7_ak_hp_textarea\" cols=\"45\" rows=\"8\" maxlength=\"100\"><\/textarea><\/label><input type=\"hidden\" id=\"ak_js_1\" name=\"_wpcf7_ak_js\" value=\"152\"\/><script>document.getElementById( \"ak_js_1\" ).setAttribute( \"value\", ( new Date() ).getTime() );<\/script><\/p><div class=\"wpcf7-response-output\" aria-hidden=\"true\"><\/div>\n<\/form>\n<\/div>\n[vc_empty_space][\/vc_column][vc_column width=\u00a0\u00bb3\/4&Prime;][vc_row_inner row_type=\u00a0\u00bbrow\u00a0\u00bb type=\u00a0\u00bbfull_width\u00a0\u00bb text_align=\u00a0\u00bbleft\u00a0\u00bb css_animation=\u00a0\u00bb\u00a0\u00bb css=\u00a0\u00bb.vc_custom_1644335792972{background-color: #ffffff !important;}\u00a0\u00bb][vc_column_inner el_class=\u00a0\u00bbformulario-formacion\u00a0\u00bb css=\u00a0\u00bb.vc_custom_1649154331674{padding-right: 45px !important;padding-left: 45px !important;background-color: #ffffff !important;}\u00a0\u00bb][vc_column_text]<\/p>\n<h2 class=\"internas-titul\">Tratamiento de Quejas y Apelaciones<\/h2>\n<p>Rellene el formulario:[\/vc_column_text][vc_empty_space]\n<div class=\"wpcf7 no-js\" id=\"wpcf7-f55647-o2\" lang=\"es-ES\" dir=\"ltr\" data-wpcf7-id=\"55647\">\n<div class=\"screen-reader-response\"><p role=\"status\" aria-live=\"polite\" aria-atomic=\"true\"><\/p> <ul><\/ul><\/div>\n<form action=\"\/fr\/wp-json\/wp\/v2\/pages\/58011#wpcf7-f55647-o2\" method=\"post\" class=\"wpcf7-form init default\" aria-label=\"Formulario de contacto\" novalidate=\"novalidate\" data-status=\"init\">\n<fieldset class=\"hidden-fields-container\"><input type=\"hidden\" name=\"_wpcf7\" value=\"55647\" \/><input type=\"hidden\" name=\"_wpcf7_version\" value=\"6.1.5\" \/><input type=\"hidden\" name=\"_wpcf7_locale\" value=\"es_ES\" \/><input type=\"hidden\" name=\"_wpcf7_unit_tag\" value=\"wpcf7-f55647-o2\" \/><input type=\"hidden\" name=\"_wpcf7_container_post\" value=\"0\" \/><input type=\"hidden\" name=\"_wpcf7_posted_data_hash\" value=\"\" \/><input type=\"hidden\" name=\"_wpcf7_recaptcha_response\" value=\"\" \/>\n<\/fieldset>\n<p><span class=\"wpcf7-form-control-wrap\" data-name=\"text-428\"><input size=\"40\" maxlength=\"400\" class=\"wpcf7-form-control wpcf7-text wpcf7-validates-as-required\" aria-required=\"true\" aria-invalid=\"false\" placeholder=\"Empresa :*\" value=\"\" type=\"text\" name=\"text-428\" \/><\/span><span class=\"wpcf7-form-control-wrap\" data-name=\"date-429\"><input class=\"wpcf7-form-control wpcf7-date wpcf7-validates-as-required wpcf7-validates-as-date\" aria-required=\"true\" aria-invalid=\"false\" placeholder=\"Fecha*\" value=\"\" type=\"date\" name=\"date-429\" \/><\/span><span class=\"wpcf7-form-control-wrap\" data-name=\"email-802\"><input size=\"40\" maxlength=\"400\" class=\"wpcf7-form-control wpcf7-email wpcf7-validates-as-required wpcf7-text wpcf7-validates-as-email\" aria-required=\"true\" aria-invalid=\"false\" placeholder=\"Email *\" value=\"\" type=\"email\" name=\"email-802\" \/><\/span><span class=\"wpcf7-form-control-wrap\" data-name=\"tel-915\"><input size=\"40\" maxlength=\"400\" class=\"wpcf7-form-control wpcf7-tel wpcf7-validates-as-required wpcf7-text wpcf7-validates-as-tel\" aria-required=\"true\" aria-invalid=\"false\" placeholder=\"Tel\u00e9fono *\" value=\"\" type=\"tel\" name=\"tel-915\" \/><\/span><span class=\"wpcf7-form-control-wrap\" data-name=\"textarea-359\"><textarea cols=\"40\" rows=\"10\" maxlength=\"2000\" class=\"wpcf7-form-control wpcf7-textarea\" aria-invalid=\"false\" placeholder=\"Objeto de la Reclamaci\u00f3n:\" name=\"textarea-359\"><\/textarea><\/span><span class=\"wpcf7-form-control-wrap\" data-name=\"acceptance-96\"><span class=\"wpcf7-form-control wpcf7-acceptance\"><span class=\"wpcf7-list-item\"><label><input type=\"checkbox\" name=\"acceptance-96\" value=\"1\" aria-invalid=\"false\" \/><span class=\"wpcf7-list-item-label\">He le\u00eddo y estoy de acuerdo con el <a href=\"\/aviso-legal-y-politica-de-privacidad\/\" target=\"_blank\" rel=\"nofollow\">Aviso Legal<\/a> de esta web<\/span><\/label><\/span><\/span><\/span>\n<\/p>\n<p class=\"envioa\"><strong>Este formulario se enviar\u00e1 a S.C.I., S.A. buzondesugerencias@scimexicosa.mx<\/strong>\n<\/p>\n<p><input class=\"wpcf7-form-control wpcf7-submit has-spinner\" type=\"submit\" value=\"Enviar\" \/>\n<\/p><p style=\"display: none !important;\" class=\"akismet-fields-container\" data-prefix=\"_wpcf7_ak_\"><label>&#916;<textarea name=\"_wpcf7_ak_hp_textarea\" cols=\"45\" rows=\"8\" maxlength=\"100\"><\/textarea><\/label><input type=\"hidden\" id=\"ak_js_2\" name=\"_wpcf7_ak_js\" value=\"56\"\/><script>document.getElementById( \"ak_js_2\" ).setAttribute( \"value\", ( new Date() ).getTime() );<\/script><\/p><div class=\"wpcf7-response-output\" aria-hidden=\"true\"><\/div>\n<\/form>\n<\/div>\n[vc_empty_space][\/vc_column_inner][\/vc_row_inner][vc_empty_space][vc_row_inner row_type=\u00a0\u00bbrow\u00a0\u00bb type=\u00a0\u00bbfull_width\u00a0\u00bb text_align=\u00a0\u00bbleft\u00a0\u00bb css_animation=\u00a0\u00bb\u00a0\u00bb css=\u00a0\u00bb.vc_custom_1644404762294{padding-right: 0px !important;padding-left: 25px !important;background-color: #ffffff !important;}\u00a0\u00bb][vc_column_inner][vc_empty_space][vc_column_text]<\/p>\n<h2 class=\"internas-titul\">Tratamiento de Quejas y Apelaciones<\/h2>\n<p><strong>Queja:<\/strong> Expresi\u00f3n de insatisfacci\u00f3n o notificaci\u00f3n de incumplimiento, diferente a la apelaci\u00f3n, presentada por una persona u organizaci\u00f3n a SCI, relacionada con las actividades de \u00e9ste, para la que se espera una respuesta.<\/p>\n<p><strong>Apelaci\u00f3n:<\/strong> solicitud del proveedor de la instalaci\u00f3n o \u00edtem inspeccionado, de reconsiderar la decisi\u00f3n que tom\u00f3 en relaci\u00f3n a dicha instalaci\u00f3n o \u00edtem, o relacionada con el estado de certificaci\u00f3n deseado. O solicitud presentada por un solicitante, candidato o persona certificada, para que se reconsidere cualquier decisi\u00f3n tomada por el organismo de certificaci\u00f3n relacionada con su estado de certificaci\u00f3n deseado.<\/p>\n<p><strong>TRATAMIENTO DE QUEJAS:<\/strong><\/p>\n<p>\u00b7Toda persona puede formular una queja cuando detecte o se vea afectado por una atenci\u00f3n inadecuada o por un incumplimiento del servicio.<br \/>\n\u00b7Para formular una queja, se mandar\u00e1 un correo electr\u00f3nico a <a href=\"mailto:buzondesugerencias@scimexicosa.mx\">buzondesugerencias@scimexicosa.mx<\/a>, o un correo postal dirigido al <strong>departamento de Sistemas de Gesti\u00f3n, a la direcci\u00f3n Ctra. Ajalvir &#8211; Torrej\u00f3n, km. 1,8. 28864 Ajalvir \u2013 Madrid.<\/strong><br \/>\n\u00b7Se revisan todas las quejas relacionadas con las actividades realizadas por SCI, SA. Solo las quejas recibidas por escrito pueden ser consideradas para acciones correctivas formales.<br \/>\n\u00b7Las quejas ser\u00e1n recepcionadas por el departamento de Sistemas de Gesti\u00f3n, quien acusar\u00e1 recibo y abrir\u00e1 una investigaci\u00f3n junto a personal independiente y competente para la actividad que motiv\u00f3 la queja, recopilando toda la informaci\u00f3n necesaria para su tratamiento.<br \/>\n\u00b7Durante la investigaci\u00f3n se determinar\u00e1 si la queja tiene fundamento y debe ser tratada, o no. Esta decisi\u00f3n se comunicar\u00e1 al reclamante.<br \/>\n\u00b7Las acciones correctivas deben implementarse con prontitud y su efectividad ser\u00e1 verificada. Durante este proceso el reclamante recibir\u00e1 notificaci\u00f3n de los avances y resultados.<br \/>\n\u00b7Una vez finalizado el tratamiento, se comunicar\u00e1 por escrito al reclamante, la conclusi\u00f3n del proceso.<br \/>\n\u00b7Tanto la identidad del reclamante, como el objeto de la queja ser\u00e1 tratado con confidencialidad, s\u00f3lo tendr\u00e1n acceso a los datos el personal implicado en el tratamiento.<\/p>\n<p><strong>TRATAMIENTO DE APELACIONES<\/strong><\/p>\n<p style=\"text-align: left;\">\u00b7Cualquier interesado puede presentar un recurso de apelaci\u00f3n contra las decisiones de SCI, SA.<br \/>\n\u00b7Las apelaciones deben presentarse por escrito al correo electr\u00f3nico <a href=\"mailto:buzondesugerencias@scimexicosa.mx\">buzondesugerencias@scimexicosa.mx<\/a>, junto con toda la documentaci\u00f3n disponible y relevante dentro de los tres (3) meses posteriores a la decisi\u00f3n de SCI, SA.<br \/>\n\u00b7La apelaci\u00f3n junto con la documentaci\u00f3n, ser\u00e1 distribuida a la direcci\u00f3n t\u00e9cnica del departamento afectado.<br \/>\n\u00b7Una vez recibida la apelaci\u00f3n, el Responsable T\u00e9cnico determina si \u00e9l\/ella est\u00e1 directamente involucrado en las actividades que se est\u00e1n apelando y, de ser as\u00ed, designar\u00e1 a una persona imparcial y capacitada para manejar la apelaci\u00f3n. Si el Responsable T\u00e9cnico no interviene directamente, analizar\u00e1 personalmente toda la documentaci\u00f3n disponible y consultar\u00e1 a los departamentos implicados. Si considera que la apelaci\u00f3n tiene fundamento, notifica al apelante e inicia la acci\u00f3n correctiva. Si considera que el recurso<br \/>\nde apelaci\u00f3n es infundado, notifica al recurrente por escrito las razones por las que el recurso fue considerado inadmisible.<br \/>\n\u00b7Hasta este punto del procedimiento, el recurrente no tiene obligaciones financieras para la tramitaci\u00f3n del recurso y puede decidir si procede o se retira.<br \/>\n\u00b7Si el apelante procede con la apelaci\u00f3n, el Responsable T\u00e9cnico establecer\u00e1 un comit\u00e9 de apelaciones calificado e independiente dentro de los 30 d\u00eda s posteriores.<br \/>\n\u00b7El comit\u00e9 est\u00e1 integrado por un m\u00ednimo de tres miembros representantes del sector que se apela.<br \/>\n\u00b7Una vez examinada la documentaci\u00f3n, la decisi\u00f3n se toma normalmente durante una \u00fanica sesi\u00f3n del comit\u00e9, que solo se aplaza en casos excepcionales.<br \/>\n<strong>Los costos de la apelaci\u00f3n ser\u00e1n cubiertos por:<\/strong><\/p>\n<ul>\n<li>1) SCI, SA, si se mantiene la apelaci\u00f3n<\/li>\n<li>2) El apelante si la apelaci\u00f3n es rechazada.<\/li>\n<\/ul>\n<p style=\"text-align: left;\">La decisi\u00f3n debe ser notificada por escrito al apelante por el presidente del comit\u00e9 de apelaci\u00f3n dentro de los 90 d\u00edas posteriores a la fecha de confirmaci\u00f3n de la apelaci\u00f3n. Esta decisi\u00f3n es definitiva.<\/p>\n<p>[\/vc_column_text][vc_empty_space][\/vc_column_inner][\/vc_row_inner][vc_empty_space][\/vc_column][\/vc_row][vc_row css_animation=\u00a0\u00bb\u00a0\u00bb row_type=\u00a0\u00bbrow\u00a0\u00bb use_row_as_full_screen_section=\u00a0\u00bbno\u00a0\u00bb type=\u00a0\u00bbfull_width\u00a0\u00bb angled_section=\u00a0\u00bbno\u00a0\u00bb text_align=\u00a0\u00bbleft\u00a0\u00bb background_image_as_pattern=\u00a0\u00bbwithout_pattern\u00a0\u00bb][vc_column][vc_empty_space height=\u00a0\u00bb64px\u00a0\u00bb][\/vc_column][\/vc_row]<\/p>\n<\/div>","protected":false},"excerpt":{"rendered":"<p>[vc_row css_animation=\u00a0\u00bb\u00a0\u00bb row_type=\u00a0\u00bbrow\u00a0\u00bb use_row_as_full_screen_section=\u00a0\u00bbno\u00a0\u00bb type=\u00a0\u00bbfull_width\u00a0\u00bb angled_section=\u00a0\u00bbno\u00a0\u00bb text_align=\u00a0\u00bbleft\u00a0\u00bb background_image_as_pattern=\u00a0\u00bbwithout_pattern\u00a0\u00bb][vc_column width=\u00a0\u00bb1\/4&Prime;][vc_raw_html]JTNDaDUlM0VDb250YWN0YSUyMGNvbiUyMG5vc290cm9zJTNDJTJGaDUlM0U=[\/vc_raw_html][vc_separator type=\u00a0\u00bbnormal\u00a0\u00bb color=\u00a0\u00bb#bcbcbc\u00a0\u00bb thickness=\u00a0\u00bb1&Prime; transparency=\u00a0\u00bb0.4&Prime;][vc_raw_html]JTNDZGl2JTIwY2xhc3MlM0QlMjJkYXRvcy1jb250YWN0byUyMiUzRSUwQSUzQ2RpdiUyMGNsYXNzJTNEJTIyaW1hZ2VuJTIyJTNFJTNDaW1nJTIwc3JjJTNEJTIyaHR0cCUzQSUyRiUyRnNjaXNhLnByb3ZpZGVyc3dlYi5lcyUyRndwLWNvbnRlbnQlMkZ1cGxvYWRzJTJGMjAyMSUyRjEyJTJGcGhvbmUtY2FsbC02LnBuZyUyMiUyRiUzRSUzQyUyRmRpdiUzRSUwQSUzQ2RpdiUyMGNsYXNzJTNEJTIydGVsZWZvbm8lMjIlM0UlM0NzcGFuJTIwY2xhc3MlM0QlMjJ0aXR1JTIyJTNFVGVsJUMzJUE5Zm9ubyUzQyUyRnNwYW4lM0UlM0NzcGFuJTIwY2xhc3MlM0QlMjJ0ZWwlMjIlM0UlM0NhJTIwaHJlZiUzRCUyMnRlbCUzQSUyQjM0OTE4ODQ0MzkzJTIyJTNFJTIwJTJCMzQlMjA5MSUyMDg4NCUyMDQzJTIwOTMlM0MlMkZhJTNFJTNDJTJGc3BhbiUzRSUzQyUyRmRpdiUzRSUwQSUzQyUyRmRpdiUzRQ==[\/vc_raw_html][vc_raw_html]JTNDZGl2JTIwY2xhc3MlM0QlMjJkYXRvcy1jb250YWN0byUyMiUzRSUwQSUzQ2RpdiUyMGNsYXNzJTNEJTIyaW1hZ2VuJTIyJTNFJTNDaW1nJTIwc3JjJTNEJTIyaHR0cCUzQSUyRiUyRnNjaXNhLnByb3ZpZGVyc3dlYi5lcyUyRndwLWNvbnRlbnQlMkZ1cGxvYWRzJTJGMjAyMSUyRjEyJTJGZW1haWwtNy5wbmclMjIlMkYlM0UlM0MlMkZkaXYlM0UlMEElM0NkaXYlMjBjbGFzcyUzRCUyMnRlbGVmb25vJTIyJTNFJTNDc3BhbiUyMGNsYXNzJTNEJTIydGl0dSUyMiUzRUUtbWFpbCUzQyUyRnNwYW4lM0UlM0NzcGFuJTIwY2xhc3MlM0QlMjJ0ZWwlMjBlbWElMjIlM0UlM0NhJTIwaHJlZiUzRCUyMm1haWx0byUzQWJ1em9uZGVzdWdlcmVuY2lhcyU0MHNjaXNhLmVzJTIyJTNFJTIwYnV6b25kZXN1Z2VyZW5jaWFzJTQwc2Npc2EuZXMlM0MlMkZhJTNFJTNDJTJGc3BhbiUzRSUzQyUyRmRpdiUzRSUwQSUzQyUyRmRpdiUzRQ==[\/vc_raw_html][vc_empty_space][vc_empty_space][\/vc_column][vc_column width=\u00a0\u00bb3\/4&Prime;][vc_row_inner row_type=\u00a0\u00bbrow\u00a0\u00bb type=\u00a0\u00bbfull_width\u00a0\u00bb text_align=\u00a0\u00bbleft\u00a0\u00bb css_animation=\u00a0\u00bb\u00a0\u00bb css=\u00a0\u00bb.vc_custom_1644335792972{background-color: #ffffff !important;}\u00a0\u00bb][vc_column_inner el_class=\u00a0\u00bbformulario-formacion\u00a0\u00bb css=\u00a0\u00bb.vc_custom_1649154331674{padding-right: 45px !important;padding-left: 45px !important;background-color: #ffffff !important;}\u00a0\u00bb][vc_column_text] Tratamiento de Quejas y Apelaciones Rellene el formulario:[\/vc_column_text][vc_empty_space][vc_empty_space][\/vc_column_inner][\/vc_row_inner][vc_empty_space][vc_row_inner row_type=\u00a0\u00bbrow\u00a0\u00bb type=\u00a0\u00bbfull_width\u00a0\u00bb text_align=\u00a0\u00bbleft\u00a0\u00bb css_animation=\u00a0\u00bb\u00a0\u00bb css=\u00a0\u00bb.vc_custom_1644404762294{padding-right: 0px !important;padding-left: 25px&#8230;<\/p>\n","protected":false},"author":1,"featured_media":0,"parent":0,"menu_order":0,"comment_status":"closed","ping_status":"closed","template":"","meta":{"_joinchat":[],"footnotes":""},"class_list":["post-58011","page","type-page","status-publish","hentry"],"_links":{"self":[{"href":"https:\/\/scimexicosa.mx\/fr\/wp-json\/wp\/v2\/pages\/58011","targetHints":{"allow":["GET"]}}],"collection":[{"href":"https:\/\/scimexicosa.mx\/fr\/wp-json\/wp\/v2\/pages"}],"about":[{"href":"https:\/\/scimexicosa.mx\/fr\/wp-json\/wp\/v2\/types\/page"}],"author":[{"embeddable":true,"href":"https:\/\/scimexicosa.mx\/fr\/wp-json\/wp\/v2\/users\/1"}],"replies":[{"embeddable":true,"href":"https:\/\/scimexicosa.mx\/fr\/wp-json\/wp\/v2\/comments?post=58011"}],"version-history":[{"count":0,"href":"https:\/\/scimexicosa.mx\/fr\/wp-json\/wp\/v2\/pages\/58011\/revisions"}],"wp:attachment":[{"href":"https:\/\/scimexicosa.mx\/fr\/wp-json\/wp\/v2\/media?parent=58011"}],"curies":[{"name":"wp","href":"https:\/\/api.w.org\/{rel}","templated":true}]}}